{"id":5131,"date":"2022-02-13T21:24:46","date_gmt":"2022-02-13T21:24:46","guid":{"rendered":"https:\/\/makotsl.com\/page-daccueil\/"},"modified":"2026-01-12T14:50:35","modified_gmt":"2026-01-12T14:50:35","slug":"page-daccueil","status":"publish","type":"page","link":"https:\/\/makotsl.com\/fr\/","title":{"rendered":"Page d&rsquo;accueil"},"content":{"rendered":"","protected":false},"excerpt":{"rendered":"","protected":false},"author":1,"featured_media":0,"parent":0,"menu_order":0,"comment_status":"closed","ping_status":"closed","template":"","meta":{"_acf_changed":false,"inline_featured_image":false,"footnotes":""},"class_list":["post-5131","page","type-page","status-publish","hentry"],"acf":{"post_thumbnail":""},"yoast_head":"<!-- This site is optimized with the Yoast SEO plugin v27.4 - https:\/\/yoast.com\/product\/yoast-seo-wordpress\/ -->\n<title>MAKO TSL \u2013 Transport, Exp\u00e9dition, Logistique<\/title>\n<meta name=\"description\" content=\"Nous proposons des services d&#039;exp\u00e9dition et de transport accessibles, rapides et s\u00fbrs dans toute l&#039;Europe. Nous sommes le plus grand exp\u00e9diteur de fret l\u00e9ger en Pologne.\" \/>\n<meta name=\"robots\" content=\"index, follow, max-snippet:-1, max-image-preview:large, max-video-preview:-1\" \/>\n<link rel=\"canonical\" href=\"https:\/\/makotsl.com\/fr\/\" \/>\n<meta property=\"og:locale\" content=\"fr_FR\" \/>\n<meta property=\"og:type\" content=\"article\" \/>\n<meta property=\"og:title\" content=\"MAKO TSL \u2013 Transport, Exp\u00e9dition, Logistique\" \/>\n<meta property=\"og:description\" content=\"Nous proposons des services d&#039;exp\u00e9dition et de transport accessibles, rapides et s\u00fbrs dans toute l&#039;Europe. Nous sommes le plus grand exp\u00e9diteur de fret l\u00e9ger en Pologne.\" \/>\n<meta property=\"og:url\" content=\"https:\/\/makotsl.com\/fr\/\" \/>\n<meta property=\"og:site_name\" content=\"Mako TSL\" \/>\n<meta property=\"article:modified_time\" content=\"2026-01-12T14:50:35+00:00\" \/>\n<meta property=\"og:image\" content=\"https:\/\/makotsl.com\/wp-content\/uploads\/2022\/05\/og.png\" \/>\n\t<meta property=\"og:image:width\" content=\"1200\" \/>\n\t<meta property=\"og:image:height\" content=\"630\" \/>\n\t<meta property=\"og:image:type\" content=\"image\/png\" \/>\n<meta name=\"twitter:card\" content=\"summary_large_image\" \/>\n<script type=\"application\/ld+json\" class=\"yoast-schema-graph\">{\"@context\":\"https:\\\/\\\/schema.org\",\"@graph\":[{\"@type\":\"WebPage\",\"@id\":\"https:\\\/\\\/makotsl.com\\\/fr\\\/\",\"url\":\"https:\\\/\\\/makotsl.com\\\/fr\\\/\",\"name\":\"MAKO TSL \u2013 Transport, Exp\u00e9dition, Logistique\",\"isPartOf\":{\"@id\":\"https:\\\/\\\/makotsl.com\\\/fr\\\/#website\"},\"datePublished\":\"2022-02-13T21:24:46+00:00\",\"dateModified\":\"2026-01-12T14:50:35+00:00\",\"description\":\"Nous proposons des services d'exp\u00e9dition et de transport accessibles, rapides et s\u00fbrs dans toute l'Europe. Nous sommes le plus grand exp\u00e9diteur de fret l\u00e9ger en Pologne.\",\"breadcrumb\":{\"@id\":\"https:\\\/\\\/makotsl.com\\\/fr\\\/#breadcrumb\"},\"inLanguage\":\"fr-FR\",\"potentialAction\":[{\"@type\":\"ReadAction\",\"target\":[\"https:\\\/\\\/makotsl.com\\\/fr\\\/\"]}]},{\"@type\":\"BreadcrumbList\",\"@id\":\"https:\\\/\\\/makotsl.com\\\/fr\\\/#breadcrumb\",\"itemListElement\":[{\"@type\":\"ListItem\",\"position\":1,\"name\":\"Strona g\u0142\u00f3wna\",\"item\":\"https:\\\/\\\/makotsl.com\\\/fr\\\/\"},{\"@type\":\"ListItem\",\"position\":2,\"name\":\"Page d&#8217;accueil\"}]},{\"@type\":\"WebSite\",\"@id\":\"https:\\\/\\\/makotsl.com\\\/fr\\\/#website\",\"url\":\"https:\\\/\\\/makotsl.com\\\/fr\\\/\",\"name\":\"Mako TSL\",\"description\":\"W transporcie zaufaj najwi\u0119kszym\",\"potentialAction\":[{\"@type\":\"SearchAction\",\"target\":{\"@type\":\"EntryPoint\",\"urlTemplate\":\"https:\\\/\\\/makotsl.com\\\/fr\\\/?s={search_term_string}\"},\"query-input\":{\"@type\":\"PropertyValueSpecification\",\"valueRequired\":true,\"valueName\":\"search_term_string\"}}],\"inLanguage\":\"fr-FR\"}]}<\/script>\n<!-- \/ Yoast SEO plugin. -->","yoast_head_json":{"title":"MAKO TSL \u2013 Transport, Exp\u00e9dition, Logistique","description":"Nous proposons des services d'exp\u00e9dition et de transport accessibles, rapides et s\u00fbrs dans toute l'Europe. Nous sommes le plus grand exp\u00e9diteur de fret l\u00e9ger en Pologne.","robots":{"index":"index","follow":"follow","max-snippet":"max-snippet:-1","max-image-preview":"max-image-preview:large","max-video-preview":"max-video-preview:-1"},"canonical":"https:\/\/makotsl.com\/fr\/","og_locale":"fr_FR","og_type":"article","og_title":"MAKO TSL \u2013 Transport, Exp\u00e9dition, Logistique","og_description":"Nous proposons des services d'exp\u00e9dition et de transport accessibles, rapides et s\u00fbrs dans toute l'Europe. Nous sommes le plus grand exp\u00e9diteur de fret l\u00e9ger en Pologne.","og_url":"https:\/\/makotsl.com\/fr\/","og_site_name":"Mako TSL","article_modified_time":"2026-01-12T14:50:35+00:00","og_image":[{"width":1200,"height":630,"url":"https:\/\/makotsl.com\/wp-content\/uploads\/2022\/05\/og.png","type":"image\/png"}],"twitter_card":"summary_large_image","schema":{"@context":"https:\/\/schema.org","@graph":[{"@type":"WebPage","@id":"https:\/\/makotsl.com\/fr\/","url":"https:\/\/makotsl.com\/fr\/","name":"MAKO TSL \u2013 Transport, Exp\u00e9dition, Logistique","isPartOf":{"@id":"https:\/\/makotsl.com\/fr\/#website"},"datePublished":"2022-02-13T21:24:46+00:00","dateModified":"2026-01-12T14:50:35+00:00","description":"Nous proposons des services d'exp\u00e9dition et de transport accessibles, rapides et s\u00fbrs dans toute l'Europe. Nous sommes le plus grand exp\u00e9diteur de fret l\u00e9ger en Pologne.","breadcrumb":{"@id":"https:\/\/makotsl.com\/fr\/#breadcrumb"},"inLanguage":"fr-FR","potentialAction":[{"@type":"ReadAction","target":["https:\/\/makotsl.com\/fr\/"]}]},{"@type":"BreadcrumbList","@id":"https:\/\/makotsl.com\/fr\/#breadcrumb","itemListElement":[{"@type":"ListItem","position":1,"name":"Strona g\u0142\u00f3wna","item":"https:\/\/makotsl.com\/fr\/"},{"@type":"ListItem","position":2,"name":"Page d&#8217;accueil"}]},{"@type":"WebSite","@id":"https:\/\/makotsl.com\/fr\/#website","url":"https:\/\/makotsl.com\/fr\/","name":"Mako TSL","description":"W transporcie zaufaj najwi\u0119kszym","potentialAction":[{"@type":"SearchAction","target":{"@type":"EntryPoint","urlTemplate":"https:\/\/makotsl.com\/fr\/?s={search_term_string}"},"query-input":{"@type":"PropertyValueSpecification","valueRequired":true,"valueName":"search_term_string"}}],"inLanguage":"fr-FR"}]}},"_links":{"self":[{"href":"https:\/\/makotsl.com\/fr\/wp-json\/wp\/v2\/pages\/5131","targetHints":{"allow":["GET"]}}],"collection":[{"href":"https:\/\/makotsl.com\/fr\/wp-json\/wp\/v2\/pages"}],"about":[{"href":"https:\/\/makotsl.com\/fr\/wp-json\/wp\/v2\/types\/page"}],"author":[{"embeddable":true,"href":"https:\/\/makotsl.com\/fr\/wp-json\/wp\/v2\/users\/1"}],"replies":[{"embeddable":true,"href":"https:\/\/makotsl.com\/fr\/wp-json\/wp\/v2\/comments?post=5131"}],"version-history":[{"count":10,"href":"https:\/\/makotsl.com\/fr\/wp-json\/wp\/v2\/pages\/5131\/revisions"}],"predecessor-version":[{"id":13790,"href":"https:\/\/makotsl.com\/fr\/wp-json\/wp\/v2\/pages\/5131\/revisions\/13790"}],"wp:attachment":[{"href":"https:\/\/makotsl.com\/fr\/wp-json\/wp\/v2\/media?parent=5131"}],"curies":[{"name":"wp","href":"https:\/\/api.w.org\/{rel}","templated":true}]}}