{"id":10104,"date":"2024-11-26T07:52:18","date_gmt":"2024-11-26T07:52:18","guid":{"rendered":"https:\/\/makotsl.com\/?page_id=10104"},"modified":"2026-01-13T08:41:34","modified_gmt":"2026-01-13T08:41:34","slug":"espace-client","status":"publish","type":"page","link":"https:\/\/makotsl.com\/fr\/espace-client\/","title":{"rendered":"MAKO TSL \u2014 Votre partenaire transport fiable pour des solutions sur mesure"},"content":{"rendered":"","protected":false},"excerpt":{"rendered":"","protected":false},"author":2,"featured_media":0,"parent":0,"menu_order":0,"comment_status":"closed","ping_status":"closed","template":"page-dla-klienta-new.blade.php","meta":{"_acf_changed":false,"inline_featured_image":false,"footnotes":""},"class_list":["post-10104","page","type-page","status-publish","hentry"],"acf":{"post_thumbnail":""},"yoast_head":"<!-- This site is optimized with the Yoast SEO plugin v27.5 - https:\/\/yoast.com\/product\/yoast-seo-wordpress\/ -->\n<title>MAKO TSL \u2014 Votre partenaire transport fiable pour des solutions sur mesure - Mako TSL<\/title>\n<meta name=\"description\" content=\"MAKO TSL est une soci\u00e9t\u00e9 de transport de confiance avec plus de 13 ans d&#039;exp\u00e9rience dans l&#039;organisation et la livraison ponctuelle de marchandises.\" \/>\n<meta name=\"robots\" content=\"index, follow, max-snippet:-1, max-image-preview:large, max-video-preview:-1\" \/>\n<link rel=\"canonical\" href=\"https:\/\/makotsl.com\/fr\/espace-client\/\" \/>\n<meta property=\"og:locale\" content=\"fr_FR\" \/>\n<meta property=\"og:type\" content=\"article\" \/>\n<meta property=\"og:title\" content=\"MAKO TSL \u2014 Votre partenaire transport fiable pour des solutions sur mesure - Mako TSL\" \/>\n<meta property=\"og:description\" content=\"MAKO TSL est une soci\u00e9t\u00e9 de transport de confiance avec plus de 13 ans d&#039;exp\u00e9rience dans l&#039;organisation et la livraison ponctuelle de marchandises.\" \/>\n<meta property=\"og:url\" content=\"https:\/\/makotsl.com\/fr\/espace-client\/\" \/>\n<meta property=\"og:site_name\" content=\"Mako TSL\" \/>\n<meta property=\"article:modified_time\" content=\"2026-01-13T08:41:34+00:00\" \/>\n<meta property=\"og:image\" content=\"https:\/\/makotsl.com\/wp-content\/uploads\/2022\/05\/og.png\" \/>\n\t<meta property=\"og:image:width\" content=\"1200\" \/>\n\t<meta property=\"og:image:height\" content=\"630\" \/>\n\t<meta property=\"og:image:type\" content=\"image\/png\" \/>\n<meta name=\"twitter:card\" content=\"summary_large_image\" \/>\n<script type=\"application\/ld+json\" class=\"yoast-schema-graph\">{\"@context\":\"https:\\\/\\\/schema.org\",\"@graph\":[{\"@type\":\"WebPage\",\"@id\":\"https:\\\/\\\/makotsl.com\\\/fr\\\/espace-client\\\/\",\"url\":\"https:\\\/\\\/makotsl.com\\\/fr\\\/espace-client\\\/\",\"name\":\"MAKO TSL \u2014 Votre partenaire transport fiable pour des solutions sur mesure - Mako TSL\",\"isPartOf\":{\"@id\":\"https:\\\/\\\/makotsl.com\\\/fr\\\/#website\"},\"datePublished\":\"2024-11-26T07:52:18+00:00\",\"dateModified\":\"2026-01-13T08:41:34+00:00\",\"description\":\"MAKO TSL est une soci\u00e9t\u00e9 de transport de confiance avec plus de 13 ans d'exp\u00e9rience dans l'organisation et la livraison ponctuelle de marchandises.\",\"breadcrumb\":{\"@id\":\"https:\\\/\\\/makotsl.com\\\/fr\\\/espace-client\\\/#breadcrumb\"},\"inLanguage\":\"fr-FR\",\"potentialAction\":[{\"@type\":\"ReadAction\",\"target\":[\"https:\\\/\\\/makotsl.com\\\/fr\\\/espace-client\\\/\"]}]},{\"@type\":\"BreadcrumbList\",\"@id\":\"https:\\\/\\\/makotsl.com\\\/fr\\\/espace-client\\\/#breadcrumb\",\"itemListElement\":[{\"@type\":\"ListItem\",\"position\":1,\"name\":\"Strona g\u0142\u00f3wna\",\"item\":\"https:\\\/\\\/makotsl.com\\\/fr\\\/\"},{\"@type\":\"ListItem\",\"position\":2,\"name\":\"MAKO TSL \u2014 Votre partenaire transport fiable pour des solutions sur mesure\"}]},{\"@type\":\"WebSite\",\"@id\":\"https:\\\/\\\/makotsl.com\\\/fr\\\/#website\",\"url\":\"https:\\\/\\\/makotsl.com\\\/fr\\\/\",\"name\":\"Mako TSL\",\"description\":\"W transporcie zaufaj najwi\u0119kszym\",\"potentialAction\":[{\"@type\":\"SearchAction\",\"target\":{\"@type\":\"EntryPoint\",\"urlTemplate\":\"https:\\\/\\\/makotsl.com\\\/fr\\\/?s={search_term_string}\"},\"query-input\":{\"@type\":\"PropertyValueSpecification\",\"valueRequired\":true,\"valueName\":\"search_term_string\"}}],\"inLanguage\":\"fr-FR\"}]}<\/script>\n<!-- \/ Yoast SEO plugin. -->","yoast_head_json":{"title":"MAKO TSL \u2014 Votre partenaire transport fiable pour des solutions sur mesure - Mako TSL","description":"MAKO TSL est une soci\u00e9t\u00e9 de transport de confiance avec plus de 13 ans d'exp\u00e9rience dans l'organisation et la livraison ponctuelle de marchandises.","robots":{"index":"index","follow":"follow","max-snippet":"max-snippet:-1","max-image-preview":"max-image-preview:large","max-video-preview":"max-video-preview:-1"},"canonical":"https:\/\/makotsl.com\/fr\/espace-client\/","og_locale":"fr_FR","og_type":"article","og_title":"MAKO TSL \u2014 Votre partenaire transport fiable pour des solutions sur mesure - Mako TSL","og_description":"MAKO TSL est une soci\u00e9t\u00e9 de transport de confiance avec plus de 13 ans d'exp\u00e9rience dans l'organisation et la livraison ponctuelle de marchandises.","og_url":"https:\/\/makotsl.com\/fr\/espace-client\/","og_site_name":"Mako TSL","article_modified_time":"2026-01-13T08:41:34+00:00","og_image":[{"width":1200,"height":630,"url":"https:\/\/makotsl.com\/wp-content\/uploads\/2022\/05\/og.png","type":"image\/png"}],"twitter_card":"summary_large_image","schema":{"@context":"https:\/\/schema.org","@graph":[{"@type":"WebPage","@id":"https:\/\/makotsl.com\/fr\/espace-client\/","url":"https:\/\/makotsl.com\/fr\/espace-client\/","name":"MAKO TSL \u2014 Votre partenaire transport fiable pour des solutions sur mesure - Mako TSL","isPartOf":{"@id":"https:\/\/makotsl.com\/fr\/#website"},"datePublished":"2024-11-26T07:52:18+00:00","dateModified":"2026-01-13T08:41:34+00:00","description":"MAKO TSL est une soci\u00e9t\u00e9 de transport de confiance avec plus de 13 ans d'exp\u00e9rience dans l'organisation et la livraison ponctuelle de marchandises.","breadcrumb":{"@id":"https:\/\/makotsl.com\/fr\/espace-client\/#breadcrumb"},"inLanguage":"fr-FR","potentialAction":[{"@type":"ReadAction","target":["https:\/\/makotsl.com\/fr\/espace-client\/"]}]},{"@type":"BreadcrumbList","@id":"https:\/\/makotsl.com\/fr\/espace-client\/#breadcrumb","itemListElement":[{"@type":"ListItem","position":1,"name":"Strona g\u0142\u00f3wna","item":"https:\/\/makotsl.com\/fr\/"},{"@type":"ListItem","position":2,"name":"MAKO TSL \u2014 Votre partenaire transport fiable pour des solutions sur mesure"}]},{"@type":"WebSite","@id":"https:\/\/makotsl.com\/fr\/#website","url":"https:\/\/makotsl.com\/fr\/","name":"Mako TSL","description":"W transporcie zaufaj najwi\u0119kszym","potentialAction":[{"@type":"SearchAction","target":{"@type":"EntryPoint","urlTemplate":"https:\/\/makotsl.com\/fr\/?s={search_term_string}"},"query-input":{"@type":"PropertyValueSpecification","valueRequired":true,"valueName":"search_term_string"}}],"inLanguage":"fr-FR"}]}},"_links":{"self":[{"href":"https:\/\/makotsl.com\/fr\/wp-json\/wp\/v2\/pages\/10104","targetHints":{"allow":["GET"]}}],"collection":[{"href":"https:\/\/makotsl.com\/fr\/wp-json\/wp\/v2\/pages"}],"about":[{"href":"https:\/\/makotsl.com\/fr\/wp-json\/wp\/v2\/types\/page"}],"author":[{"embeddable":true,"href":"https:\/\/makotsl.com\/fr\/wp-json\/wp\/v2\/users\/2"}],"replies":[{"embeddable":true,"href":"https:\/\/makotsl.com\/fr\/wp-json\/wp\/v2\/comments?post=10104"}],"version-history":[{"count":5,"href":"https:\/\/makotsl.com\/fr\/wp-json\/wp\/v2\/pages\/10104\/revisions"}],"predecessor-version":[{"id":13816,"href":"https:\/\/makotsl.com\/fr\/wp-json\/wp\/v2\/pages\/10104\/revisions\/13816"}],"wp:attachment":[{"href":"https:\/\/makotsl.com\/fr\/wp-json\/wp\/v2\/media?parent=10104"}],"curies":[{"name":"wp","href":"https:\/\/api.w.org\/{rel}","templated":true}]}}