{"id":10112,"date":"2024-11-26T07:52:18","date_gmt":"2024-11-26T07:52:18","guid":{"rendered":"https:\/\/makotsl.com\/?page_id=10112"},"modified":"2026-01-13T08:38:39","modified_gmt":"2026-01-13T08:38:39","slug":"fuer-den-kunden","status":"publish","type":"page","link":"https:\/\/makotsl.com\/de\/fuer-den-kunden\/","title":{"rendered":"Ein zuverl\u00e4ssiges Transportunternehmen f\u00fcr Ihre Gesch\u00e4ftsanforderungen"},"content":{"rendered":"","protected":false},"excerpt":{"rendered":"","protected":false},"author":2,"featured_media":0,"parent":0,"menu_order":0,"comment_status":"closed","ping_status":"closed","template":"page-dla-klienta-new.blade.php","meta":{"_acf_changed":false,"inline_featured_image":false,"footnotes":""},"class_list":["post-10112","page","type-page","status-publish","hentry"],"acf":{"post_thumbnail":""},"yoast_head":"<!-- This site is optimized with the Yoast SEO plugin v27.4 - https:\/\/yoast.com\/product\/yoast-seo-wordpress\/ -->\n<title>Ein zuverl\u00e4ssiges Transportunternehmen f\u00fcr Ihre Gesch\u00e4ftsanforderungen - Mako TSL<\/title>\n<meta name=\"description\" content=\"MAKO TSL ist ein vertrauensw\u00fcrdiges Transportunternehmen mit \u00fcber 13 Jahren Erfahrung in der Organisation und p\u00fcnktlichen Lieferung von G\u00fctern.\" \/>\n<meta name=\"robots\" content=\"index, follow, max-snippet:-1, max-image-preview:large, max-video-preview:-1\" \/>\n<link rel=\"canonical\" href=\"https:\/\/makotsl.com\/de\/fuer-den-kunden\/\" \/>\n<meta property=\"og:locale\" content=\"de_DE\" \/>\n<meta property=\"og:type\" content=\"article\" \/>\n<meta property=\"og:title\" content=\"Ein zuverl\u00e4ssiges Transportunternehmen f\u00fcr Ihre Gesch\u00e4ftsanforderungen - Mako TSL\" \/>\n<meta property=\"og:description\" content=\"MAKO TSL ist ein vertrauensw\u00fcrdiges Transportunternehmen mit \u00fcber 13 Jahren Erfahrung in der Organisation und p\u00fcnktlichen Lieferung von G\u00fctern.\" \/>\n<meta property=\"og:url\" content=\"https:\/\/makotsl.com\/de\/fuer-den-kunden\/\" \/>\n<meta property=\"og:site_name\" content=\"Mako TSL\" \/>\n<meta property=\"article:modified_time\" content=\"2026-01-13T08:38:39+00:00\" \/>\n<meta property=\"og:image\" content=\"https:\/\/makotsl.com\/wp-content\/uploads\/2022\/05\/og.png\" \/>\n\t<meta property=\"og:image:width\" content=\"1200\" \/>\n\t<meta property=\"og:image:height\" content=\"630\" \/>\n\t<meta property=\"og:image:type\" content=\"image\/png\" \/>\n<meta name=\"twitter:card\" content=\"summary_large_image\" \/>\n<script type=\"application\/ld+json\" class=\"yoast-schema-graph\">{\"@context\":\"https:\\\/\\\/schema.org\",\"@graph\":[{\"@type\":\"WebPage\",\"@id\":\"https:\\\/\\\/makotsl.com\\\/de\\\/fuer-den-kunden\\\/\",\"url\":\"https:\\\/\\\/makotsl.com\\\/de\\\/fuer-den-kunden\\\/\",\"name\":\"Ein zuverl\u00e4ssiges Transportunternehmen f\u00fcr Ihre Gesch\u00e4ftsanforderungen - Mako TSL\",\"isPartOf\":{\"@id\":\"https:\\\/\\\/makotsl.com\\\/de\\\/#website\"},\"datePublished\":\"2024-11-26T07:52:18+00:00\",\"dateModified\":\"2026-01-13T08:38:39+00:00\",\"description\":\"MAKO TSL ist ein vertrauensw\u00fcrdiges Transportunternehmen mit \u00fcber 13 Jahren Erfahrung in der Organisation und p\u00fcnktlichen Lieferung von G\u00fctern.\",\"breadcrumb\":{\"@id\":\"https:\\\/\\\/makotsl.com\\\/de\\\/fuer-den-kunden\\\/#breadcrumb\"},\"inLanguage\":\"de\",\"potentialAction\":[{\"@type\":\"ReadAction\",\"target\":[\"https:\\\/\\\/makotsl.com\\\/de\\\/fuer-den-kunden\\\/\"]}]},{\"@type\":\"BreadcrumbList\",\"@id\":\"https:\\\/\\\/makotsl.com\\\/de\\\/fuer-den-kunden\\\/#breadcrumb\",\"itemListElement\":[{\"@type\":\"ListItem\",\"position\":1,\"name\":\"Strona g\u0142\u00f3wna\",\"item\":\"https:\\\/\\\/makotsl.com\\\/de\\\/\"},{\"@type\":\"ListItem\",\"position\":2,\"name\":\"Ein zuverl\u00e4ssiges Transportunternehmen f\u00fcr Ihre Gesch\u00e4ftsanforderungen\"}]},{\"@type\":\"WebSite\",\"@id\":\"https:\\\/\\\/makotsl.com\\\/de\\\/#website\",\"url\":\"https:\\\/\\\/makotsl.com\\\/de\\\/\",\"name\":\"Mako TSL\",\"description\":\"W transporcie zaufaj najwi\u0119kszym\",\"potentialAction\":[{\"@type\":\"SearchAction\",\"target\":{\"@type\":\"EntryPoint\",\"urlTemplate\":\"https:\\\/\\\/makotsl.com\\\/de\\\/?s={search_term_string}\"},\"query-input\":{\"@type\":\"PropertyValueSpecification\",\"valueRequired\":true,\"valueName\":\"search_term_string\"}}],\"inLanguage\":\"de\"}]}<\/script>\n<!-- \/ Yoast SEO plugin. -->","yoast_head_json":{"title":"Ein zuverl\u00e4ssiges Transportunternehmen f\u00fcr Ihre Gesch\u00e4ftsanforderungen - Mako TSL","description":"MAKO TSL ist ein vertrauensw\u00fcrdiges Transportunternehmen mit \u00fcber 13 Jahren Erfahrung in der Organisation und p\u00fcnktlichen Lieferung von G\u00fctern.","robots":{"index":"index","follow":"follow","max-snippet":"max-snippet:-1","max-image-preview":"max-image-preview:large","max-video-preview":"max-video-preview:-1"},"canonical":"https:\/\/makotsl.com\/de\/fuer-den-kunden\/","og_locale":"de_DE","og_type":"article","og_title":"Ein zuverl\u00e4ssiges Transportunternehmen f\u00fcr Ihre Gesch\u00e4ftsanforderungen - Mako TSL","og_description":"MAKO TSL ist ein vertrauensw\u00fcrdiges Transportunternehmen mit \u00fcber 13 Jahren Erfahrung in der Organisation und p\u00fcnktlichen Lieferung von G\u00fctern.","og_url":"https:\/\/makotsl.com\/de\/fuer-den-kunden\/","og_site_name":"Mako TSL","article_modified_time":"2026-01-13T08:38:39+00:00","og_image":[{"width":1200,"height":630,"url":"https:\/\/makotsl.com\/wp-content\/uploads\/2022\/05\/og.png","type":"image\/png"}],"twitter_card":"summary_large_image","schema":{"@context":"https:\/\/schema.org","@graph":[{"@type":"WebPage","@id":"https:\/\/makotsl.com\/de\/fuer-den-kunden\/","url":"https:\/\/makotsl.com\/de\/fuer-den-kunden\/","name":"Ein zuverl\u00e4ssiges Transportunternehmen f\u00fcr Ihre Gesch\u00e4ftsanforderungen - Mako TSL","isPartOf":{"@id":"https:\/\/makotsl.com\/de\/#website"},"datePublished":"2024-11-26T07:52:18+00:00","dateModified":"2026-01-13T08:38:39+00:00","description":"MAKO TSL ist ein vertrauensw\u00fcrdiges Transportunternehmen mit \u00fcber 13 Jahren Erfahrung in der Organisation und p\u00fcnktlichen Lieferung von G\u00fctern.","breadcrumb":{"@id":"https:\/\/makotsl.com\/de\/fuer-den-kunden\/#breadcrumb"},"inLanguage":"de","potentialAction":[{"@type":"ReadAction","target":["https:\/\/makotsl.com\/de\/fuer-den-kunden\/"]}]},{"@type":"BreadcrumbList","@id":"https:\/\/makotsl.com\/de\/fuer-den-kunden\/#breadcrumb","itemListElement":[{"@type":"ListItem","position":1,"name":"Strona g\u0142\u00f3wna","item":"https:\/\/makotsl.com\/de\/"},{"@type":"ListItem","position":2,"name":"Ein zuverl\u00e4ssiges Transportunternehmen f\u00fcr Ihre Gesch\u00e4ftsanforderungen"}]},{"@type":"WebSite","@id":"https:\/\/makotsl.com\/de\/#website","url":"https:\/\/makotsl.com\/de\/","name":"Mako TSL","description":"W transporcie zaufaj najwi\u0119kszym","potentialAction":[{"@type":"SearchAction","target":{"@type":"EntryPoint","urlTemplate":"https:\/\/makotsl.com\/de\/?s={search_term_string}"},"query-input":{"@type":"PropertyValueSpecification","valueRequired":true,"valueName":"search_term_string"}}],"inLanguage":"de"}]}},"_links":{"self":[{"href":"https:\/\/makotsl.com\/de\/wp-json\/wp\/v2\/pages\/10112","targetHints":{"allow":["GET"]}}],"collection":[{"href":"https:\/\/makotsl.com\/de\/wp-json\/wp\/v2\/pages"}],"about":[{"href":"https:\/\/makotsl.com\/de\/wp-json\/wp\/v2\/types\/page"}],"author":[{"embeddable":true,"href":"https:\/\/makotsl.com\/de\/wp-json\/wp\/v2\/users\/2"}],"replies":[{"embeddable":true,"href":"https:\/\/makotsl.com\/de\/wp-json\/wp\/v2\/comments?post=10112"}],"version-history":[{"count":4,"href":"https:\/\/makotsl.com\/de\/wp-json\/wp\/v2\/pages\/10112\/revisions"}],"predecessor-version":[{"id":13814,"href":"https:\/\/makotsl.com\/de\/wp-json\/wp\/v2\/pages\/10112\/revisions\/13814"}],"wp:attachment":[{"href":"https:\/\/makotsl.com\/de\/wp-json\/wp\/v2\/media?parent=10112"}],"curies":[{"name":"wp","href":"https:\/\/api.w.org\/{rel}","templated":true}]}}